{"id":1152,"date":"2022-12-24T12:40:47","date_gmt":"2022-12-24T12:40:47","guid":{"rendered":"https:\/\/www.globaleaks.org\/949-2\/"},"modified":"2025-09-06T08:16:49","modified_gmt":"2025-09-06T08:16:49","slug":"949-2","status":"publish","type":"page","link":"https:\/\/www.globaleaks.org\/it\/","title":{"rendered":"Free and Open-Source Whistleblowing Software"},"content":{"rendered":"\n<div class=\"wp-block-uagb-container uagb-block-37c557f2 alignfull uagb-is-root-container\"><div class=\"uagb-container-inner-blocks-wrap\">\n<div class=\"wp-block-columns is-layout-flex wp-container-core-columns-is-layout-28f84493 wp-block-columns-is-layout-flex\">\n<div class=\"wp-block-column is-layout-flow wp-block-column-is-layout-flow\" style=\"padding-top:var(--wp--preset--spacing--80);padding-right:0\">\n<h2 class=\"wp-block-heading has-text-color\" style=\"color:#1d1f24;font-size:45px\">GlobaLeaks \u00e8&nbsp;software libero ed open source<\/h2>\n\n\n\n<h2 class=\"wp-block-heading has-text-color\" style=\"color:#1d1f24;font-size:22px;line-height:1.4\">che permette a tutti di creare e mantenere una piattaforma di whistleblowing sicura<\/h2>\n\n\n\n<div class=\"wp-block-columns is-layout-flex wp-container-core-columns-is-layout-0c5670a6 wp-block-columns-is-layout-flex\" style=\"margin-top:20px\">\n<div class=\"wp-block-column is-vertically-aligned-stretch is-layout-flow wp-block-column-is-layout-flow\">\n<div class=\"wp-block-uagb-buttons uagb-buttons__outer-wrap uagb-btn__default-btn uagb-btn-tablet__default-btn uagb-btn-mobile__default-btn uagb-block-d320fa3c\"><div class=\"uagb-buttons__wrap uagb-buttons-layout-wrap \">\n<div class=\"wp-block-uagb-buttons-child uagb-buttons__outer-wrap uagb-block-d7e79eb1 wp-block-button\"><div class=\"uagb-button__wrapper\"><a class=\"uagb-buttons-repeater wp-block-button__link\" aria-label=\"\" href=\"https:\/\/try.globaleaks.org\" rel=\"nofollow noopener\" target=\"_blank\" role=\"button\"><span class=\"uagb-button__icon uagb-button__icon-position-before\"><svg xmlns=\"https:\/\/www.w3.org\/2000\/svg\" viewBox=\"0 0 512 512\" aria-hidden=\"true\" focussable=\"false\"><path d=\"M156.6 384.9L125.7 353.1C117.2 345.5 114.2 333.1 117.1 321.8C120.1 312.9 124.1 301.3 129.8 288H24C15.38 288 7.414 283.4 3.146 275.9C-1.123 268.4-1.042 259.2 3.357 251.8L55.83 163.3C68.79 141.4 92.33 127.1 117.8 127.1H200C202.4 124 204.8 120.3 207.2 116.7C289.1-4.07 411.1-8.142 483.9 5.275C495.6 7.414 504.6 16.43 506.7 28.06C520.1 100.9 516.1 222.9 395.3 304.8C391.8 307.2 387.1 309.6 384 311.1V394.2C384 419.7 370.6 443.2 348.7 456.2L260.2 508.6C252.8 513 243.6 513.1 236.1 508.9C228.6 504.6 224 496.6 224 488V380.8C209.9 385.6 197.6 389.7 188.3 392.7C177.1 396.3 164.9 393.2 156.6 384.9V384.9zM384 167.1C406.1 167.1 424 150.1 424 127.1C424 105.9 406.1 87.1 384 87.1C361.9 87.1 344 105.9 344 127.1C344 150.1 361.9 167.1 384 167.1z\"><\/path><\/svg><\/span><div class=\"uagb-button__link\">ONLINE DEMO<\/div><\/a><\/div><\/div>\n\n\n\n<div class=\"wp-block-uagb-buttons-child uagb-buttons__outer-wrap uagb-block-6c119c94 wp-block-button\"><div class=\"uagb-button__wrapper\"><a class=\"uagb-buttons-repeater wp-block-button__link\" aria-label=\"\" href=\"https:\/\/docs.globaleaks.org\/en\/stable\/setup\/installation.html\" rel=\"nofollow noopener\" target=\"_blank\" role=\"button\"><span class=\"uagb-button__icon uagb-button__icon-position-before\"><svg xmlns=\"https:\/\/www.w3.org\/2000\/svg\" viewBox=\"0 0 512 512\" aria-hidden=\"true\" focussable=\"false\"><path d=\"M480 352h-133.5l-45.25 45.25C289.2 409.3 273.1 416 256 416s-33.16-6.656-45.25-18.75L165.5 352H32c-17.67 0-32 14.33-32 32v96c0 17.67 14.33 32 32 32h448c17.67 0 32-14.33 32-32v-96C512 366.3 497.7 352 480 352zM432 456c-13.2 0-24-10.8-24-24c0-13.2 10.8-24 24-24s24 10.8 24 24C456 445.2 445.2 456 432 456zM233.4 374.6C239.6 380.9 247.8 384 256 384s16.38-3.125 22.62-9.375l128-128c12.49-12.5 12.49-32.75 0-45.25c-12.5-12.5-32.76-12.5-45.25 0L288 274.8V32c0-17.67-14.33-32-32-32C238.3 0 224 14.33 224 32v242.8L150.6 201.4c-12.49-12.5-32.75-12.5-45.25 0c-12.49 12.5-12.49 32.75 0 45.25L233.4 374.6z\"><\/path><\/svg><\/span><div class=\"uagb-button__link\">INSTALLA<\/div><\/a><\/div><\/div>\n<\/div><\/div>\n<\/div>\n<\/div>\n<\/div>\n\n\n\n<div class=\"wp-block-column is-layout-flow wp-block-column-is-layout-flow\">\n<figure class=\"wp-block-image size-full is-resized\"><img loading=\"lazy\" decoding=\"async\" width=\"350\" height=\"350\" src=\"https:\/\/www.globaleaks.org\/wp-content\/uploads\/2021\/04\/hero.png\" alt=\"\" class=\"wp-image-306\" style=\"width:390px;height:auto\" srcset=\"https:\/\/www.globaleaks.org\/wp-content\/uploads\/2021\/04\/hero.png 350w, https:\/\/www.globaleaks.org\/wp-content\/uploads\/2021\/04\/hero-300x300.png 300w, https:\/\/www.globaleaks.org\/wp-content\/uploads\/2021\/04\/hero-150x150.png 150w\" sizes=\"auto, (max-width: 350px) 100vw, 350px\" \/><\/figure>\n<\/div>\n<\/div>\n<\/div><\/div>\n\n\n\n<div class=\"wp-block-uagb-container uagb-block-3ccadc15 alignfull uagb-is-root-container\"><div class=\"uagb-container-inner-blocks-wrap\">\n<p class=\"has-text-align-center has-ast-global-color-5-color has-text-color has-medium-font-size\"><strong>Unisciti alla nostra community!<\/strong><\/p>\n<\/div><\/div>\n\n\n\n<div class=\"wp-block-uagb-container uagb-block-1ce5beaa alignfull uagb-is-root-container\"><div class=\"uagb-container-inner-blocks-wrap\">\n<div class=\"wp-block-uagb-buttons uagb-buttons__outer-wrap uagb-btn__medium-btn uagb-btn-tablet__default-btn uagb-btn-mobile__default-btn uagb-block-2353612c\"><div class=\"uagb-buttons__wrap uagb-buttons-layout-wrap \">\n<div class=\"wp-block-uagb-buttons-child uagb-buttons__outer-wrap uagb-block-5fa79ed7 wp-block-button\"><div class=\"uagb-button__wrapper\"><a class=\"uagb-buttons-repeater wp-block-button__link\" aria-label=\"\" href=\"#\" rel=\"nofollow noopener\" target=\"_blank\" role=\"button\"><span class=\"uagb-button__icon uagb-button__icon-position-before\"><svg xmlns=\"https:\/\/www.w3.org\/2000\/svg\" viewBox=\"0 0 496 512\" aria-hidden=\"true\" focussable=\"false\"><path d=\"M165.9 397.4c0 2-2.3 3.6-5.2 3.6-3.3 .3-5.6-1.3-5.6-3.6 0-2 2.3-3.6 5.2-3.6 3-.3 5.6 1.3 5.6 3.6zm-31.1-4.5c-.7 2 1.3 4.3 4.3 4.9 2.6 1 5.6 0 6.2-2s-1.3-4.3-4.3-5.2c-2.6-.7-5.5 .3-6.2 2.3zm44.2-1.7c-2.9 .7-4.9 2.6-4.6 4.9 .3 2 2.9 3.3 5.9 2.6 2.9-.7 4.9-2.6 4.6-4.6-.3-1.9-3-3.2-5.9-2.9zM244.8 8C106.1 8 0 113.3 0 252c0 110.9 69.8 205.8 169.5 239.2 12.8 2.3 17.3-5.6 17.3-12.1 0-6.2-.3-40.4-.3-61.4 0 0-70 15-84.7-29.8 0 0-11.4-29.1-27.8-36.6 0 0-22.9-15.7 1.6-15.4 0 0 24.9 2 38.6 25.8 21.9 38.6 58.6 27.5 72.9 20.9 2.3-16 8.8-27.1 16-33.7-55.9-6.2-112.3-14.3-112.3-110.5 0-27.5 7.6-41.3 23.6-58.9-2.6-6.5-11.1-33.3 2.6-67.9 20.9-6.5 69 27 69 27 20-5.6 41.5-8.5 62.8-8.5s42.8 2.9 62.8 8.5c0 0 48.1-33.6 69-27 13.7 34.7 5.2 61.4 2.6 67.9 16 17.7 25.8 31.5 25.8 58.9 0 96.5-58.9 104.2-114.8 110.5 9.2 7.9 17 22.9 17 46.4 0 33.7-.3 75.4-.3 83.6 0 6.5 4.6 14.4 17.3 12.1C428.2 457.8 496 362.9 496 252 496 113.3 383.5 8 244.8 8zM97.2 352.9c-1.3 1-1 3.3 .7 5.2 1.6 1.6 3.9 2.3 5.2 1 1.3-1 1-3.3-.7-5.2-1.6-1.6-3.9-2.3-5.2-1zm-10.8-8.1c-.7 1.3 .3 2.9 2.3 3.9 1.6 1 3.6 .7 4.3-.7 .7-1.3-.3-2.9-2.3-3.9-2-.6-3.6-.3-4.3 .7zm32.4 35.6c-1.6 1.3-1 4.3 1.3 6.2 2.3 2.3 5.2 2.6 6.5 1 1.3-1.3 .7-4.3-1.3-6.2-2.2-2.3-5.2-2.6-6.5-1zm-11.4-14.7c-1.6 1-1.6 3.6 0 5.9 1.6 2.3 4.3 3.3 5.6 2.3 1.6-1.3 1.6-3.9 0-6.2-1.4-2.3-4-3.3-5.6-2z\"><\/path><\/svg><\/span><div class=\"uagb-button__link\"><strong>GitHub<\/strong><\/div><\/a><\/div><\/div>\n\n\n\n<div class=\"wp-block-uagb-buttons-child uagb-buttons__outer-wrap uagb-block-fa974504 wp-block-button\"><div class=\"uagb-button__wrapper\"><a class=\"uagb-buttons-repeater wp-block-button__link\" aria-label=\"\" href=\"https:\/\/community.globaleaks.org\/\" rel=\"nofollow noopener\" target=\"_blank\" role=\"button\"><span class=\"uagb-button__icon uagb-button__icon-position-before\"><svg xmlns=\"https:\/\/www.w3.org\/2000\/svg\" viewBox=\"0 0 448 512\" aria-hidden=\"true\" focussable=\"false\"><path d=\"M94.12 315.1c0 25.9-21.16 47.06-47.06 47.06S0 341 0 315.1c0-25.9 21.16-47.06 47.06-47.06h47.06v47.06zm23.72 0c0-25.9 21.16-47.06 47.06-47.06s47.06 21.16 47.06 47.06v117.8c0 25.9-21.16 47.06-47.06 47.06s-47.06-21.16-47.06-47.06V315.1zm47.06-188.1c-25.9 0-47.06-21.16-47.06-47.06S139 32 164.9 32s47.06 21.16 47.06 47.06v47.06H164.9zm0 23.72c25.9 0 47.06 21.16 47.06 47.06s-21.16 47.06-47.06 47.06H47.06C21.16 243.1 0 222.8 0 196.9s21.16-47.06 47.06-47.06H164.9zm188.1 47.06c0-25.9 21.16-47.06 47.06-47.06 25.9 0 47.06 21.16 47.06 47.06s-21.16 47.06-47.06 47.06h-47.06V196.9zm-23.72 0c0 25.9-21.16 47.06-47.06 47.06-25.9 0-47.06-21.16-47.06-47.06V79.06c0-25.9 21.16-47.06 47.06-47.06 25.9 0 47.06 21.16 47.06 47.06V196.9zM283.1 385.9c25.9 0 47.06 21.16 47.06 47.06 0 25.9-21.16 47.06-47.06 47.06-25.9 0-47.06-21.16-47.06-47.06v-47.06h47.06zm0-23.72c-25.9 0-47.06-21.16-47.06-47.06 0-25.9 21.16-47.06 47.06-47.06h117.8c25.9 0 47.06 21.16 47.06 47.06 0 25.9-21.16 47.06-47.06 47.06H283.1z\"><\/path><\/svg><\/span><div class=\"uagb-button__link\"><strong>Community<\/strong><\/div><\/a><\/div><\/div>\n<\/div><\/div>\n<\/div><\/div>\n\n\n\n<div class=\"wp-block-uagb-container uagb-block-82deaa08 alignfull uagb-is-root-container\"><div class=\"uagb-container-inner-blocks-wrap\">\n<div class=\"wp-block-uagb-container uagb-block-142063e3\">\n<div class=\"wp-block-columns is-layout-flex wp-container-core-columns-is-layout-28f84493 wp-block-columns-is-layout-flex\">\n<div class=\"wp-block-column is-layout-flow wp-block-column-is-layout-flow\" style=\"flex-basis:20%\">\n<figure class=\"wp-block-image aligncenter size-large\"><img decoding=\"async\" src=\"https:\/\/www.globaleaks.org\/wp-content\/uploads\/2021\/04\/hero1.png\" alt=\"\"\/><\/figure>\n<\/div>\n\n\n\n<div class=\"wp-block-column is-layout-flow wp-block-column-is-layout-flow\" style=\"flex-basis:80%\">\n<p class=\"has-medium-font-size\"><strong><strong>Il whistleblowing pu\u00f2 essere sicuro e semplice<\/strong><\/strong><\/p>\n\n\n\n<p style=\"font-size:16px\">Grazie a GlobaLeaks tutti possono facilmente avviare una iniziativa di whistleblowing sicuro e anonimo. Progettato per essere semplice da utilizzarsi il software \u00e8 personalizzabile per ogni necessit\u00e0 a protegge la privacy dei segnalanti e delle loro segnalazioni di default.<\/p>\n<\/div>\n<\/div>\n\n\n\n<div class=\"wp-block-columns is-layout-flex wp-container-core-columns-is-layout-28f84493 wp-block-columns-is-layout-flex\">\n<div class=\"wp-block-column is-layout-flow wp-block-column-is-layout-flow\" style=\"flex-basis:20%\">\n<figure class=\"wp-block-image aligncenter size-full\"><img loading=\"lazy\" decoding=\"async\" width=\"350\" height=\"350\" src=\"https:\/\/www.globaleaks.org\/wp-content\/uploads\/2021\/04\/hero2.png\" alt=\"\" class=\"wp-image-313\" srcset=\"https:\/\/www.globaleaks.org\/wp-content\/uploads\/2021\/04\/hero2.png 350w, https:\/\/www.globaleaks.org\/wp-content\/uploads\/2021\/04\/hero2-300x300.png 300w, https:\/\/www.globaleaks.org\/wp-content\/uploads\/2021\/04\/hero2-150x150.png 150w\" sizes=\"auto, (max-width: 350px) 100vw, 350px\" \/><\/figure>\n<\/div>\n\n\n\n<div class=\"wp-block-column is-layout-flow wp-block-column-is-layout-flow\" style=\"flex-basis:80%\">\n<p class=\"has-medium-font-size\"><strong>Molti casi d&#8217;uso, un solo framework<\/strong><\/p>\n\n\n\n<p style=\"font-size:16px\">GlobaLeaks vuole soddisfare una ampia variet\u00e0 di casi d&#8217;uso ed \u00e8 quindi stato progettato come un framework. Con alla base la flessibilit\u00e0, GlobaLeaks \u00e8 oggi usato nel mondo da pi\u00f9 di 10000 progetti. Questo alto numero di adozioni include testate indipendenti, attivisti, pubbliche amministrazioni, aziende e altro ancora. La piattaforma \u00e8 conforme allo&nbsp;<a href=\"https:\/\/www.iso.org\/standard\/65035.html\">Standard ISO 37002<\/a>, alla&nbsp;<a href=\"https:\/\/eur-lex.europa.eu\/legal-content\/en\/TXT\/?uri=CELEX%3A32019L1937\">Direttiva EU 2019\/1937<\/a>&nbsp;e al&nbsp;<a href=\"https:\/\/eur-lex.europa.eu\/eli\/reg\/2016\/679\/oj\">Regolamento Generale sulla Protezione dei Dati (GDPR)<\/a>.<\/p>\n<\/div>\n<\/div>\n\n\n\n<div class=\"wp-block-columns is-layout-flex wp-container-core-columns-is-layout-28f84493 wp-block-columns-is-layout-flex\">\n<div class=\"wp-block-column is-layout-flow wp-block-column-is-layout-flow\" style=\"flex-basis:20%\">\n<figure class=\"wp-block-image aligncenter size-full\"><img loading=\"lazy\" decoding=\"async\" width=\"350\" height=\"350\" src=\"https:\/\/www.globaleaks.org\/wp-content\/uploads\/2021\/04\/hero3.png\" alt=\"\" class=\"wp-image-312\" srcset=\"https:\/\/www.globaleaks.org\/wp-content\/uploads\/2021\/04\/hero3.png 350w, https:\/\/www.globaleaks.org\/wp-content\/uploads\/2021\/04\/hero3-300x300.png 300w, https:\/\/www.globaleaks.org\/wp-content\/uploads\/2021\/04\/hero3-150x150.png 150w\" sizes=\"auto, (max-width: 350px) 100vw, 350px\" \/><\/figure>\n<\/div>\n\n\n\n<div class=\"wp-block-column is-layout-flow wp-block-column-is-layout-flow\" style=\"flex-basis:80%\">\n<p class=\"has-medium-font-size\"><strong>Open source, documentazione libera<\/strong><\/p>\n\n\n\n<p style=\"font-size:16px\">GlobaLeaks \u00e8 un software di whistleblowing libero ed open-source e utilizza la&nbsp;<a href=\"https:\/\/raw.githubusercontent.com\/globaleaks\/GlobaLeaks\/master\/LICENSE\">Licenza AGPL<\/a>. E&#8217; supportato da una comunit\u00e0 aperta di utenti, volontari e contributori che lavorano costantemente insieme per migliorare il software e la sua documentazione. Se noti un problema, crea un ticket sul nostro&nbsp;<a href=\"https:\/\/github.com\/globaleaks\/GlobaLeaks\/issues\">Ticketing System<\/a>&nbsp;e aiutaci a supportare la trasparenza in tutto il mondo!<\/p>\n<\/div>\n<\/div>\n\n\n\n<div class=\"wp-block-columns is-layout-flex wp-container-core-columns-is-layout-28f84493 wp-block-columns-is-layout-flex\">\n<div class=\"wp-block-column is-layout-flow wp-block-column-is-layout-flow\" style=\"flex-basis:20%\">\n<figure class=\"wp-block-image size-full\"><img loading=\"lazy\" decoding=\"async\" width=\"350\" height=\"350\" src=\"https:\/\/www.globaleaks.org\/wp-content\/uploads\/2021\/04\/hero4.png\" alt=\"\" class=\"wp-image-311\" srcset=\"https:\/\/www.globaleaks.org\/wp-content\/uploads\/2021\/04\/hero4.png 350w, https:\/\/www.globaleaks.org\/wp-content\/uploads\/2021\/04\/hero4-300x300.png 300w, https:\/\/www.globaleaks.org\/wp-content\/uploads\/2021\/04\/hero4-150x150.png 150w\" sizes=\"auto, (max-width: 350px) 100vw, 350px\" \/><\/figure>\n<\/div>\n\n\n\n<div class=\"wp-block-column is-layout-flow wp-block-column-is-layout-flow\" style=\"flex-basis:80%\">\n<p class=\"has-medium-font-size\"><strong><strong>Disponibile in ogni lingua<\/strong><\/strong><\/p>\n\n\n\n<p style=\"font-size:16px\">Fin dai primi sviluppi di GlobaLeaks avevamo idea che lo strumento di whistleblowing debba essere pi\u00f9 vicino possibile ai cittadini e al loro contesto. Per questa ragione abbiamo concentrato la nostra ricerca sulle problematiche di internazionalizzazione e traduzione ed il software \u00e8 ora piamente tradotto in oltre&nbsp;<a href=\"https:\/\/www.transifex.com\/otf\/globaleaks\/dashboard\/\">70 lingue<\/a>&nbsp;che includono il Chinese, lo Spagnolo, l&#8217;Arabo, il Francese, il Tedesco e altre grazie al supporto del&nbsp;<a href=\"https:\/\/www.localizationlab.org\/\">Localization Lab<\/a>&nbsp;e della sua community.<\/p>\n<\/div>\n<\/div>\n<\/div>\n<\/div><\/div>\n\n\n\n<div class=\"wp-block-uagb-container uagb-block-94b13c41 alignfull uagb-is-root-container\"><div class=\"uagb-container-inner-blocks-wrap\">\n<p class=\"has-text-align-center has-medium-font-size\"><strong>Amici and Sponsors<\/strong><\/p>\n\n\n\n<div class=\"wp-block-columns is-layout-flex wp-container-core-columns-is-layout-28f84493 wp-block-columns-is-layout-flex\">\n<div class=\"wp-block-column is-layout-constrained wp-block-column-is-layout-constrained\"><\/div>\n\n\n\n<div class=\"wp-block-column is-layout-flow wp-block-column-is-layout-flow\">\n<div class=\"alignnormal\"><div id=\"metaslider-id-1424\" style=\"width: 100%; margin: 0 auto;\" class=\"ml-slider-3-108-0 metaslider metaslider-responsive metaslider-1424 ml-slider ms-theme-default\" role=\"region\" aria-label=\"New Slideshow\" data-height=\"300\" data-width=\"700\">\n    <div id=\"metaslider_container_1424\">\n        <ul id='metaslider_1424' class='rslides'>\n            <li aria-roledescription='slide' aria-labelledby='slide-0'><img loading=\"lazy\" decoding=\"async\" src=\"https:\/\/www.globaleaks.org\/wp-content\/uploads\/2021\/04\/ti-700x300.png\" height=\"300\" width=\"700\" alt=\"\" class=\"slider-1424 slide-1428 msDefaultImage\" title=\"ti\" \/><\/li>\n            <li style='display: none;' aria-roledescription='slide' aria-labelledby='slide-1'><img loading=\"lazy\" decoding=\"async\" src=\"https:\/\/www.globaleaks.org\/wp-content\/uploads\/2021\/04\/localization-lab-700x300.png\" height=\"300\" width=\"700\" alt=\"\" class=\"slider-1424 slide-1431 msDefaultImage\" title=\"localization-lab\" \/><\/li>\n            <li style='display: none;' aria-roledescription='slide' aria-labelledby='slide-2'><img loading=\"lazy\" decoding=\"async\" src=\"https:\/\/www.globaleaks.org\/wp-content\/uploads\/2021\/04\/astra-700x300.png\" height=\"300\" width=\"700\" alt=\"\" class=\"slider-1424 slide-1433 msDefaultImage\" title=\"astra\" \/><\/li>\n            <li style='display: none;' aria-roledescription='slide' aria-labelledby='slide-3'><a href=\"https:\/\/uptimerobot.com\/\" target=\"_blank\"><img loading=\"lazy\" decoding=\"async\" src=\"https:\/\/www.globaleaks.org\/wp-content\/uploads\/2025\/01\/uptimerobot-700x300.png\" height=\"300\" width=\"700\" alt=\"\" class=\"slider-1424 slide-1801 msDefaultImage\" title=\"uptimerobot\" \/><\/a><\/li>\n            <li style='display: none;' aria-roledescription='slide' aria-labelledby='slide-4'><img loading=\"lazy\" decoding=\"async\" src=\"https:\/\/www.globaleaks.org\/wp-content\/uploads\/2021\/04\/otf-700x300.png\" height=\"300\" width=\"700\" alt=\"\" class=\"slider-1424 slide-1429 msDefaultImage\" title=\"otf\" \/><\/li>\n            <li style='display: none;' aria-roledescription='slide' aria-labelledby='slide-5'><img loading=\"lazy\" decoding=\"async\" src=\"https:\/\/www.globaleaks.org\/wp-content\/uploads\/2021\/04\/xnet-700x300.png\" height=\"300\" width=\"700\" alt=\"\" class=\"slider-1424 slide-1435 msDefaultImage\" title=\"xnet\" \/><\/li>\n            <li style='display: none;' aria-roledescription='slide' aria-labelledby='slide-6'><img loading=\"lazy\" decoding=\"async\" src=\"https:\/\/www.globaleaks.org\/wp-content\/uploads\/2021\/04\/win-700x300.png\" height=\"300\" width=\"700\" alt=\"\" class=\"slider-1424 slide-1427 msDefaultImage\" title=\"win\" \/><\/li>\n            <li style='display: none;' aria-roledescription='slide' aria-labelledby='slide-7'><img loading=\"lazy\" decoding=\"async\" src=\"https:\/\/www.globaleaks.org\/wp-content\/uploads\/2021\/04\/dnl-700x300.png\" height=\"300\" width=\"700\" alt=\"\" class=\"slider-1424 slide-1434 msDefaultImage\" title=\"dnl\" \/><\/li>\n            <li style='display: none;' aria-roledescription='slide' aria-labelledby='slide-8'><img loading=\"lazy\" decoding=\"async\" src=\"https:\/\/www.globaleaks.org\/wp-content\/uploads\/2021\/04\/iff-700x300.png\" height=\"300\" width=\"700\" alt=\"\" class=\"slider-1424 slide-1430 msDefaultImage\" title=\"iff\" \/><\/li>\n            <li style='display: none;' aria-roledescription='slide' aria-labelledby='slide-9'><img loading=\"lazy\" decoding=\"async\" src=\"https:\/\/www.globaleaks.org\/wp-content\/uploads\/2021\/04\/edri-700x300.png\" height=\"300\" width=\"700\" alt=\"\" class=\"slider-1424 slide-1432 msDefaultImage\" title=\"edri\" \/><\/li>\n            <li style='display: none;' aria-roledescription='slide' aria-labelledby='slide-10'><img loading=\"lazy\" decoding=\"async\" src=\"https:\/\/www.globaleaks.org\/wp-content\/uploads\/2021\/06\/blueprint-700x300.png\" height=\"300\" width=\"700\" alt=\"\" class=\"slider-1424 slide-1426 msDefaultImage\" title=\"blueprint\" \/><\/li>\n        <\/ul>\n        \n    <\/div>\n<\/div><\/div>\n<\/div>\n\n\n\n<div class=\"wp-block-column is-layout-flow wp-block-column-is-layout-flow\"><\/div>\n<\/div>\n<\/div><\/div>\n","protected":false},"excerpt":{"rendered":"<p>GlobaLeaks \u00e8&nbsp;software libero ed open source che permette a tutti di creare e mantenere una piattaforma di whistleblowing sicura Unisciti alla nostra community! Il whistleblowing pu\u00f2 essere sicuro e semplice Grazie a GlobaLeaks tutti possono facilmente avviare una iniziativa di whistleblowing sicuro e anonimo. Progettato per essere semplice da utilizzarsi il software \u00e8 personalizzabile per [&hellip;]<\/p>\n","protected":false},"author":8,"featured_media":0,"parent":0,"menu_order":0,"comment_status":"closed","ping_status":"closed","template":"","meta":{"_uag_custom_page_level_css":"","site-sidebar-layout":"no-sidebar","site-content-layout":"page-builder","ast-site-content-layout":"full-width-container","site-content-style":"unboxed","site-sidebar-style":"unboxed","ast-global-header-display":"","ast-banner-title-visibility":"","ast-main-header-display":"","ast-hfb-above-header-display":"","ast-hfb-below-header-display":"","ast-hfb-mobile-header-display":"","site-post-title":"disabled","ast-breadcrumbs-content":"","ast-featured-img":"","footer-sml-layout":"","ast-disable-related-posts":"","theme-transparent-header-meta":"","adv-header-id-meta":"","stick-header-meta":"","header-above-stick-meta":"","header-main-stick-meta":"","header-below-stick-meta":"","astra-migrate-meta-layouts":"set","ast-page-background-enabled":"default","ast-page-background-meta":{"desktop":{"background-color":"","background-image":"","background-repeat":"repeat","background-position":"center center","background-size":"auto","background-attachment":"scroll","background-type":"","background-media":"","overlay-type":"","overlay-color":"","overlay-opacity":"","overlay-gradient":""},"tablet":{"background-color":"","background-image":"","background-repeat":"repeat","background-position":"center center","background-size":"auto","background-attachment":"scroll","background-type":"","background-media":"","overlay-type":"","overlay-color":"","overlay-opacity":"","overlay-gradient":""},"mobile":{"background-color":"","background-image":"","background-repeat":"repeat","background-position":"center center","background-size":"auto","background-attachment":"scroll","background-type":"","background-media":"","overlay-type":"","overlay-color":"","overlay-opacity":"","overlay-gradient":""}},"ast-content-background-meta":{"desktop":{"background-color":"var(--ast-global-color-5)","background-image":"","background-repeat":"repeat","background-position":"center center","background-size":"auto","background-attachment":"scroll","background-type":"","background-media":"","overlay-type":"","overlay-color":"","overlay-opacity":"","overlay-gradient":""},"tablet":{"background-color":"var(--ast-global-color-5)","background-image":"","background-repeat":"repeat","background-position":"center center","background-size":"auto","background-attachment":"scroll","background-type":"","background-media":"","overlay-type":"","overlay-color":"","overlay-opacity":"","overlay-gradient":""},"mobile":{"background-color":"var(--ast-global-color-5)","background-image":"","background-repeat":"repeat","background-position":"center center","background-size":"auto","background-attachment":"scroll","background-type":"","background-media":"","overlay-type":"","overlay-color":"","overlay-opacity":"","overlay-gradient":""}},"footnotes":""},"class_list":["post-1152","page","type-page","status-publish","hentry"],"uagb_featured_image_src":{"full":false,"thumbnail":false,"medium":false,"medium_large":false,"large":false,"1536x1536":false,"2048x2048":false},"uagb_author_info":{"display_name":"admin","author_link":"https:\/\/www.globaleaks.org\/it\/author\/giovanni-pelleranoglobaleaks-org\/"},"uagb_comment_info":0,"uagb_excerpt":"GlobaLeaks \u00e8&nbsp;software libero ed open source che permette a tutti di creare e mantenere una piattaforma di whistleblowing sicura Unisciti alla nostra community! Il whistleblowing pu\u00f2 essere sicuro e semplice Grazie a GlobaLeaks tutti possono facilmente avviare una iniziativa di whistleblowing sicuro e anonimo. Progettato per essere semplice da utilizzarsi il software \u00e8 personalizzabile per&hellip;","_links":{"self":[{"href":"https:\/\/www.globaleaks.org\/it\/wp-json\/wp\/v2\/pages\/1152","targetHints":{"allow":["GET"]}}],"collection":[{"href":"https:\/\/www.globaleaks.org\/it\/wp-json\/wp\/v2\/pages"}],"about":[{"href":"https:\/\/www.globaleaks.org\/it\/wp-json\/wp\/v2\/types\/page"}],"author":[{"embeddable":true,"href":"https:\/\/www.globaleaks.org\/it\/wp-json\/wp\/v2\/users\/8"}],"replies":[{"embeddable":true,"href":"https:\/\/www.globaleaks.org\/it\/wp-json\/wp\/v2\/comments?post=1152"}],"version-history":[{"count":16,"href":"https:\/\/www.globaleaks.org\/it\/wp-json\/wp\/v2\/pages\/1152\/revisions"}],"predecessor-version":[{"id":1842,"href":"https:\/\/www.globaleaks.org\/it\/wp-json\/wp\/v2\/pages\/1152\/revisions\/1842"}],"wp:attachment":[{"href":"https:\/\/www.globaleaks.org\/it\/wp-json\/wp\/v2\/media?parent=1152"}],"curies":[{"name":"wp","href":"https:\/\/api.w.org\/{rel}","templated":true}]}}